{"id":1033,"date":"2017-02-22T14:59:32","date_gmt":"2017-02-22T14:59:32","guid":{"rendered":"http:\/\/fb-rodgau.de\/?page_id=1033"},"modified":"2017-02-22T15:13:13","modified_gmt":"2017-02-22T15:13:13","slug":"halloween-feedback","status":"publish","type":"page","link":"http:\/\/fb-rodgau.de\/?page_id=1033","title":{"rendered":"Halloween-Feedback"},"content":{"rendered":"<section class=\"wpb-content-wrapper\"><p>[vc_row][vc_column][vc_single_image image=&#8221;1032&#8243; img_size=&#8221;full&#8221;][\/vc_column][\/vc_row][vc_row][vc_column][vc_column_text]<\/p>\n<div class=\"container_24\">\n<h4 class=\"breadcrumbs\"><strong><span class=\"current_crumb\">Bad Vilbeler Bogensch\u00fctzen bei den \u201eFreyen Bogensch\u00fctzen Rodgau\u201c<br \/>\nzum Halloweenschie\u00dfen 2016<\/span><\/strong><\/h4>\n<p>&nbsp;<\/p>\n<h4 class=\"breadcrumbs\"><strong><span class=\"current_crumb\"><a class=\"shutterset_\" title=\" \" href=\"http:\/\/schuetzenverein-bad-vilbel.de\/wp-content\/gallery\/artikel-bilder\/2.jpg\" rel=\"wp-prettyPhoto[8735]\"><img decoding=\"async\" class=\"ngg-singlepic ngg-none alignleft\" src=\"http:\/\/schuetzenverein-bad-vilbel.de\/wp-content\/gallery\/artikel-bilder\/thumbs\/thumbs_2.jpg\" alt=\"2\" \/><\/a><\/span><\/strong><\/h4>\n<p class=\"breadcrumbs\"><\/div>\n<div id=\"content-container\" class=\"container_24\">\n<div id=\"main-content\" class=\"grid_16\">\n<div class=\"main-content-padding\">\n<div id=\"post-8735\" class=\"post-8735 post type-post status-publish format-standard hentry category-allgemein\">\n<div class=\"entry\">\n<p>Vier Bad Vilbeler Bogensch\u00fctzen folgten der Einladung der \u201eFreyen Bogensch\u00fctzen Rodgau\u201c zum Halloweenschie\u00dfen am 29. Oktober 2016.<\/p>\n<p>&nbsp;<\/p>\n<p>Als wir am Samstagnachmittag auf dem Bogenplatz eintrafen,\u00a0 waren wir etwas \u00fcberrascht \u00fcber die \u201eGr\u00f6\u00dfe\u201c der Bogensportanlage. Wir sollten unsere erste Einsch\u00e4tzung aber schnell revidieren. Nach einer sehr herzlichen und freundlichen Begr\u00fc\u00dfung, erhielten wir eine kurze Beschreibung \u00fcber das, was uns hier am Abend erwarten sollte.<\/p>\n<p>Wir spannten\u00a0also unsere B\u00f6gen und begannen mit dem Einschie\u00dfen. Bei Einbruch der D\u00e4mmerung wurden die Ziele mit vielerlei Leuchttechnik illuminiert, Fackeln wurden angez\u00fcndet und das Ambiente wurde zunehmend Halloween-gruseliger.\u00a0Geschossen wurde auf zwei Scheiben, vier 3D-Targets und als Highlight: Ein rotierendes Gespenst.<\/p>\n<p>Je dunkler es wurde, umso gr\u00f6\u00dfer war die Herausforderung die Ziele zu treffen. Allein den Pfeil richtig herum einzunocken, ist bei v\u00f6lliger Dunkelheit kein leichtes Unterfangen. Wer nicht im Besitz von Leuchtnocken\u00a0 war, konnte sich eigentlich nur akustisch r\u00fcckversichern, ob er das Ziel getroffen hatte.<\/p>\n<p>Alle Sch\u00fctzen hatten sehr viel Spa\u00df und genossen die freundliche, ausgelassene Stimmung bei sternenklarer Nacht. Trotz absoluter Dunkelheit ging kein Pfeil verloren.\u00a0Gegen 21.00 Uhr begann das eigentliche Turnier. Die Regeln waren einfach: Auf jedes Ziel wurden 3 Pfeile geschossen, f\u00fcr jeden Treffer gab\u00b4s zehn Punkte, auf der WA-Scheibe wurden die Ringe gez\u00e4hlt.\u00a0Ein gro\u00dfes Lagerfeuer w\u00e4rmte uns in den Schie\u00dfpausen und bei Erbsensuppe und Gerstensaft wurde die eine oder andere Bogenweisheit ausgetauscht. Alles in allem ein gelungener und sch\u00f6ner Abend, mit vielen neuen Erfahrungen.<\/p>\n<p>Die \u201eFreyen Bogensch\u00fctzen Rodgau\u201c sind kein Verein, vielmehr eine Interessengemeinschaft die seit 2007 sich ihrer gemeinsamen Leidenschaft -dem Bogenschie\u00dfen- verschieben haben. Wir haben schon einige Meisterschaften von Vereins- \u00fcber Kreis-, Bezirks-, Landes- und Bundesebene miterlebt; haben auf zahlreichen Turnieren einige Ausrichter und Veranstalter kennenlernen d\u00fcrfen. Diese kleine Gemeinschaft von \u201efreyen Bogensch\u00fctzen\u201c hat uns jedoch mit Ihrer herzlichen und euphorischen Leidenschaft f\u00fcr das Bogenschie\u00dfen gezeigt, um was es bei unserer gemeinsamen Leidenschaft geht:<\/p>\n<p><strong>Die pure Lust am Bogenschie\u00dfen.<\/strong><\/p>\n<p>Zur Siegerehrung um Mitternacht versammelten sich alle Sch\u00fctzen ums Lagerfeuer. Es gab f\u00fcr jeden Teilnehmer eine Urkunde und f\u00fcr die drei Erstplatzierten \u2013 der Veranstaltung entsprechend \u2013 einen K\u00fcrbis. Zwei davon nahmen wir mit nach Bad Vilbel. Gerne sind wir auch im n\u00e4chsten Jahr wieder dabei. Beim 3. Halloweenschie\u00dfen der Freyen Bogensch\u00fctzen Rodgau.<\/p>\n<p>&nbsp;<\/p>\n<\/div>\n<p><strong>J\u00f6rg K\u00f6hl<\/strong> von den Bad Vilbeler Bogensch\u00fctzen<\/p>\n<\/div>\n<\/div>\n<p>Lieber J\u00f6rg &#8211; im Namen aller &#8220;Freyen&#8221; herzlichen Dank f\u00fcr diesen erfrischenden Beitrag!<\/p>\n<\/div>\n<\/div>\n<p>[\/vc_column_text][\/vc_column][\/vc_row]<\/p>\n<\/section>","protected":false},"excerpt":{"rendered":"<p>[vc_row][vc_column][vc_single_image image=&#8221;1032&#8243; img_size=&#8221;full&#8221;][\/vc_column][\/vc_row][vc_row][vc_column][vc_column_text] Bad Vilbeler Bogensch\u00fctzen bei den \u201eFreyen Bogensch\u00fctzen Rodgau\u201c zum Halloweenschie\u00dfen 2016 &nbsp; Vier Bad Vilbeler Bogensch\u00fctzen folgten der Einladung der \u201eFreyen Bogensch\u00fctzen Rodgau\u201c zum Halloweenschie\u00dfen am 29. Oktober 2016. &nbsp; Als wir am Samstagnachmittag auf dem Bogenplatz eintrafen,\u00a0 waren wir etwas \u00fcberrascht \u00fcber die \u201eGr\u00f6\u00dfe\u201c der Bogensportanlage. Wir sollten unsere erste Einsch\u00e4tzung <a class=\"more-link\" href=\"http:\/\/fb-rodgau.de\/?page_id=1033\">Weiterlesen&#8230;<\/a><\/p>\n","protected":false},"author":1,"featured_media":1032,"parent":0,"menu_order":0,"comment_status":"closed","ping_status":"closed","template":"","meta":[],"_links":{"self":[{"href":"http:\/\/fb-rodgau.de\/index.php?rest_route=\/wp\/v2\/pages\/1033"}],"collection":[{"href":"http:\/\/fb-rodgau.de\/index.php?rest_route=\/wp\/v2\/pages"}],"about":[{"href":"http:\/\/fb-rodgau.de\/index.php?rest_route=\/wp\/v2\/types\/page"}],"author":[{"embeddable":true,"href":"http:\/\/fb-rodgau.de\/index.php?rest_route=\/wp\/v2\/users\/1"}],"replies":[{"embeddable":true,"href":"http:\/\/fb-rodgau.de\/index.php?rest_route=%2Fwp%2Fv2%2Fcomments&post=1033"}],"version-history":[{"count":6,"href":"http:\/\/fb-rodgau.de\/index.php?rest_route=\/wp\/v2\/pages\/1033\/revisions"}],"predecessor-version":[{"id":1042,"href":"http:\/\/fb-rodgau.de\/index.php?rest_route=\/wp\/v2\/pages\/1033\/revisions\/1042"}],"wp:featuredmedia":[{"embeddable":true,"href":"http:\/\/fb-rodgau.de\/index.php?rest_route=\/wp\/v2\/media\/1032"}],"wp:attachment":[{"href":"http:\/\/fb-rodgau.de\/index.php?rest_route=%2Fwp%2Fv2%2Fmedia&parent=1033"}],"curies":[{"name":"wp","href":"https:\/\/api.w.org\/{rel}","templated":true}]}}